{"id":57255,"date":"2021-11-16T18:21:39","date_gmt":"2021-11-16T15:21:39","guid":{"rendered":"https:\/\/arted.org.tr\/mevzuat\/"},"modified":"2022-06-22T10:54:32","modified_gmt":"2022-06-22T07:54:32","slug":"regulations","status":"publish","type":"page","link":"https:\/\/arted.org.tr\/en\/regulations\/","title":{"rendered":"REGULATIONS"},"content":{"rendered":"<p>[vc_row][vc_column][vc_accordion active_tab=&#8221;1&#8243; style=&#8221;2&#8243;][vc_accordion_tab title=&#8221;MINISTRY OF HEALTH&#8221;][vc_row_inner css=&#8221;.vc_custom_1640454207451{margin-right: 10px !important;margin-left: 10px !important;}&#8221;][vc_column_inner]<div class=\"standard-arrow bullet-top\"><ul>\n<li><a href=\"http:\/\/www.sgk.gov.tr\/wps\/portal\/sgk\/tr\/kurumsal\/merkez-teskilati\/ana_hizmet_birimleri\/gss_genel_mudurlugu\/anasayfa_duyurular\/duyuru_20211216_11\">10\/12\/2021 SUT De\u011fi\u015fiklik Tebli\u011fi \u0130\u015flenmi\u015f G\u00fcncel 2013 SUT<\/a><\/li>\n<li><a href=\"http:\/\/sut.hastane.akdeniz.edu.tr\/saglik-uygulama-tebligi-sut-\">Sa\u011fl\u0131k Uygulama Tebli\u011fi (SUT)<\/a><\/li>\n<li><a href=\"https:\/\/www.mevzuat.gov.tr\/mevzuat?MevzuatNo=17229&amp;MevzuatTur=9&amp;MevzuatTertip=5\">Mevzuat Bilgi Sistemi<\/a><\/li>\n<li><a href=\"https:\/\/www.mevzuat.gov.tr\/anasayfa\/MevzuatFihristDetayIframe?MevzuatTur=7&amp;MevzuatNo=12376&amp;MevzuatTertip=5\">G\u00fcncel SGK Sa\u011fl\u0131k Hizmetleri Fiyatland\u0131rma Komisyonu \u00c7al\u0131\u015fma Usul Ve Esaslar\u0131 Hakk\u0131nda Y\u00f6netmelik<\/a><\/li>\n<li><a href=\"http:\/\/www.sgk.gov.tr\/wps\/portal\/sgk\/tr\/saglik\/gss_bilgi_bankasi\/gss_tibbi_malzeme\/yonergeler\">T\u0131bbi Malzeme \u00d6deme Komisyonunun \u00c7al\u0131\u015fma Usul ve Esaslar\u0131 Hakk\u0131nda Y\u00f6nergede De\u011fi\u015fiklik Yap\u0131lmas\u0131na Dair Y\u00f6nerge<\/a><\/li>\n<li><a href=\"http:\/\/www.sgk.gov.tr\/wps\/portal\/sgk\/tr\/saglik\/gss_bilgi_bankasi\/gss_tibbi_malzeme\/yonetmelikler\">Genel Sa\u011fl\u0131k Sigortas\u0131 Uygulamalar\u0131 Y\u00f6netmeli\u011fi<\/a><\/li>\n<\/ul>\n<\/div>[\/vc_column_inner][\/vc_row_inner][\/vc_accordion_tab][vc_accordion_tab title=&#8221;TURKISH MEDICINES AND MEDICAL DEVICES AGENCY&#8221;][vc_row_inner css=&#8221;.vc_custom_1640454196934{margin-right: 10px !important;margin-left: 10px !important;}&#8221;][vc_column_inner]<div class=\"standard-arrow bullet-top\"><ul>\n<li><a href=\"https:\/\/titck.gov.tr\/storage\/Archive\/2021\/legislation\/Klavuz11022021_93f504e8-d7c9-4dda-a7af-e6ea9bb9deaa.pdf\">T\u0131bbi Cihaz Sat\u0131\u015f, Reklam ve Tan\u0131t\u0131m Y\u00f6netmeli\u011fi&#8217;nin Uygulanmas\u0131na \u0130li\u015fkin K\u0131lavuz<\/a><\/li>\n<li><a href=\"https:\/\/www.titck.gov.tr\/duyuru\/tibbi-cihaz-satis-reklam-ve-tanitim-yonetmeligi-kapsaminda-gerceklestirilecek-bilimsel-toplanti-ve-egitsel-faaliyetlere-iliskin-kilavuz-27042020190142\">T\u0131bbi Cihaz Sat\u0131\u015f, Reklam ve Tan\u0131t\u0131m Y\u00f6netmeli\u011fi Kapsam\u0131nda Ger\u00e7ekle\u015ftirilecek Bilimsel Toplant\u0131 ve E\u011fitsel Faaliyetler Hakk\u0131nda K\u0131lavuz<\/a><\/li>\n<li><a href=\"https:\/\/www.resmigazete.gov.tr\/eskiler\/2020\/12\/20201231M4-3.htm\">Sa\u011fl\u0131k Bakanl\u0131\u011f\u0131n\u0131n \u00d6zel \u0130znine Tabi Maddelerin \u0130thalat Denetimi Tebli\u011fi<\/a><\/li>\n<li><a href=\"https:\/\/titck.gov.tr\/storage\/Archive\/2019\/announcement\/0fce6abf-e163-4c1d-a2d1-e37a8638fdef.pdf\">T\u0131bbi Cihaz Sat\u0131\u015f, Tan\u0131t\u0131m ve Reklam Y\u00f6netmeli\u011fi<\/a><\/li>\n<li><a href=\"https:\/\/www.resmigazete.gov.tr\/eskiler\/2021\/12\/20211210-3.htm\">T\u0131bbi Cihazlar\u0131n Test, Kontrol ve Kalibrasyonu Hakk\u0131nda Y\u00f6netmelik<\/a><\/li>\n<li><a href=\"https:\/\/titck.gov.tr\/storage\/Archive\/2021\/contentFile\/T%C4%B1bbi%20Cihaz%20Y%C3%B6netmeli%C4%9Fi_91969c4b-58b3-48cb-adfb-03c2cacd5632.pdf\">T\u0131bbi Cihaz Y\u00f6netmeli\u011fi<\/a><\/li>\n<li><a href=\"https:\/\/www.resmigazete.gov.tr\/eskiler\/2011\/06\/20110607-2.htm\">V\u00fccuda Yerle\u015ftirilebilir Aktif T\u0131bbi Cihazlar Y\u00f6netmeli\u011fi<\/a><\/li>\n<li><a href=\"https:\/\/www.mevzuat.gov.tr\/anasayfa\/MevzuatFihristDetayIframe?MevzuatTur=7&amp;MevzuatNo=10990&amp;MevzuatTertip=5\">V\u00fccut D\u0131\u015f\u0131nda Kullan\u0131lan (\u0130n Vitro) T\u0131bbi Tan\u0131 Cihazlar\u0131 Y\u00f6netmeli\u011fi<\/a><\/li>\n<li><a href=\"https:\/\/www.mevzuat.gov.tr\/MevzuatMetin\/3.5.20013529.pdf\">\u00dcr\u00fcnlerin Piyasa G\u00f6zetimi ve Denetimine Dair Y\u00f6netmelik<\/a><\/li>\n<li><a href=\"https:\/\/www.resmigazete.gov.tr\/eskiler\/2007\/06\/20070625-4.htm\">Sa\u011fl\u0131k Bakanl\u0131\u011f\u0131nca yap\u0131lacak Piyasa G\u00f6zetimi ve Denetiminin Usul ve Esaslar\u0131 Hakk\u0131nda Y\u00f6netmelik<\/a><\/li>\n<li><a href=\"https:\/\/www.mevzuat.gov.tr\/MevzuatMetin\/21.5.4021.pdf\">&#8220;CE&#8221; \u0130\u015fareti Y\u00f6netmeli\u011fi<\/a><\/li>\n<li><a href=\"https:\/\/www.resmigazete.gov.tr\/eskiler\/2012\/02\/20120223-3.htm\">&#8220;CE&#8221; Uygunluk \u0130\u015faretinin \u00dcr\u00fcne \u0130li\u015ftirilmesine ve Kullan\u0131lmas\u0131na Dair Y\u00f6netmelik<\/a><\/li>\n<li><a href=\"https:\/\/www.mevzuat.gov.tr\/File\/GeneratePdf?mevzuatNo=6275&amp;mevzuatTur=KurumVeKurulusYonetmeligi&amp;mevzuatTertip=5\">Uygunluk De\u011ferlendirme Kurulu\u015flar\u0131 ile Onaylanm\u0131\u015f Kurulu\u015flara Dair Y\u00f6netmelik<\/a><\/li>\n<li><a href=\"https:\/\/www.resmigazete.gov.tr\/eskiler\/2015\/04\/20150402-14.htm\">T\u0131bbi Cihazlar\u0131n Elektronik Kullan\u0131m Talimatlar\u0131 Hakk\u0131nda Tebli\u011f<\/a><\/li>\n<\/ul>\n<\/div>[\/vc_column_inner][\/vc_row_inner][\/vc_accordion_tab][vc_accordion_tab title=&#8221;GENERAL DIRECTORATE OF TURKISH PUBLIC HOSPITALS&#8221;][vc_row_inner css=&#8221;.vc_custom_1640454196934{margin-right: 10px !important;margin-left: 10px !important;}&#8221;][vc_column_inner]<div class=\"standard-arrow bullet-top\"><ul>\n<li><a href=\"https:\/\/khgmstokyonetimidb.saglik.gov.tr\/TR-44867\/biyomedikal-metroloji-faaliyetleri-kilavuzu-2016-revizyonu.html\">Biyomedikal Metroloji Faaliyetleri K\u0131lavuzu<\/a><\/li>\n<\/ul>\n<\/div>[\/vc_column_inner][\/vc_row_inner][\/vc_accordion_tab][vc_accordion_tab title=&#8221;DIRECTORATE GENERAL OF HEALTH SERVICES&#8221;][vc_row_inner css=&#8221;.vc_custom_1640454196934{margin-right: 10px !important;margin-left: 10px !important;}&#8221;][vc_column_inner]<div class=\"standard-arrow bullet-top\"><ul>\n<li><a href=\"https:\/\/www.mevzuat.gov.tr\/mevzuat?MevzuatNo=18933&amp;MevzuatTur=7&amp;MevzuatTertip=5\">T\u0131bbi Laboratuvarlar Y\u00f6netmeli\u011fi<\/a><\/li>\n<\/ul>\n<\/div>[\/vc_column_inner][\/vc_row_inner][\/vc_accordion_tab][vc_accordion_tab title=&#8221;OTHERS&#8221;][vc_row_inner css=&#8221;.vc_custom_1640454196934{margin-right: 10px !important;margin-left: 10px !important;}&#8221;][vc_column_inner]<div class=\"standard-arrow bullet-top\"><ul>\n<li><a href=\"https:\/\/ugdgm.ticaret.gov.tr\/data\/6107bed913b87644444bcf0d\/urun.guvenligi.kanun.pdf\">7223 Say\u0131l\u0131 \u00dcr\u00fcn G\u00fcvenli\u011fi ve Teknik D\u00fczenlemeler Kanunu ve Uygulama Y\u00f6netmelikleri<\/a><\/li>\n<li><a href=\"https:\/\/www.sbb.gov.tr\/wp-content\/uploads\/2019\/07\/OnbirinciKalkinmaPlani.pdf\">On Birinci Kalk\u0131nma Plan\u0131<\/a><\/li>\n<\/ul>\n<\/div>[\/vc_column_inner][\/vc_row_inner][\/vc_accordion_tab][\/vc_accordion][\/vc_column][\/vc_row]<\/p>\n","protected":false},"excerpt":{"rendered":"<p>[vc_row][vc_column][vc_accordion active_tab=&#8221;1&#8243; style=&#8221;2&#8243;][vc_accordion_tab title=&#8221;MINISTRY OF HEALTH&#8221;][vc_row_inner css=&#8221;.vc_custom_1640454207451{margin-right: 10px !important;margin-left: 10px !important;}&#8221;][vc_column_inner][\/vc_column_inner][\/vc_row_inner][\/vc_accordion_tab][vc_accordion_tab title=&#8221;TURKISH MEDICINES AND MEDICAL DEVICES AGENCY&#8221;][vc_row_inner css=&#8221;.vc_custom_1640454196934{margin-right: 10px !important;margin-left: 10px !important;}&#8221;][vc_column_inner][\/vc_column_inner][\/vc_row_inner][\/vc_accordion_tab][vc_accordion_tab title=&#8221;GENERAL DIRECTORATE OF TURKISH PUBLIC HOSPITALS&#8221;][vc_row_inner css=&#8221;.vc_custom_1640454196934{margin-right: 10px !important;margin-left: 10px !important;}&#8221;][vc_column_inner][\/vc_column_inner][\/vc_row_inner][\/vc_accordion_tab][vc_accordion_tab title=&#8221;DIRECTORATE GENERAL OF HEALTH SERVICES&#8221;][vc_row_inner css=&#8221;.vc_custom_1640454196934{margin-right: 10px !important;margin-left: 10px !important;}&#8221;][vc_column_inner][\/vc_column_inner][\/vc_row_inner][\/vc_accordion_tab][vc_accordion_tab title=&#8221;OTHERS&#8221;][vc_row_inner css=&#8221;.vc_custom_1640454196934{margin-right: 10px !important;margin-left: 10px !important;}&#8221;][vc_column_inner][\/vc_column_inner][\/vc_row_inner][\/vc_accordion_tab][\/vc_accordion][\/vc_column][\/vc_row]<\/p>\n","protected":false},"author":1,"featured_media":0,"parent":0,"menu_order":0,"comment_status":"closed","ping_status":"closed","template":"","meta":[],"simple-restrict-permission":[],"_links":{"self":[{"href":"https:\/\/arted.org.tr\/en\/wp-json\/wp\/v2\/pages\/57255"}],"collection":[{"href":"https:\/\/arted.org.tr\/en\/wp-json\/wp\/v2\/pages"}],"about":[{"href":"https:\/\/arted.org.tr\/en\/wp-json\/wp\/v2\/types\/page"}],"author":[{"embeddable":true,"href":"https:\/\/arted.org.tr\/en\/wp-json\/wp\/v2\/users\/1"}],"replies":[{"embeddable":true,"href":"https:\/\/arted.org.tr\/en\/wp-json\/wp\/v2\/comments?post=57255"}],"version-history":[{"count":7,"href":"https:\/\/arted.org.tr\/en\/wp-json\/wp\/v2\/pages\/57255\/revisions"}],"predecessor-version":[{"id":57834,"href":"https:\/\/arted.org.tr\/en\/wp-json\/wp\/v2\/pages\/57255\/revisions\/57834"}],"wp:attachment":[{"href":"https:\/\/arted.org.tr\/en\/wp-json\/wp\/v2\/media?parent=57255"}],"wp:term":[{"taxonomy":"simple-restrict-permission","embeddable":true,"href":"https:\/\/arted.org.tr\/en\/wp-json\/wp\/v2\/simple-restrict-permission?post=57255"}],"curies":[{"name":"wp","href":"https:\/\/api.w.org\/{rel}","templated":true}]}}