{"id":57136,"date":"2021-11-19T21:24:54","date_gmt":"2021-11-19T18:24:54","guid":{"rendered":"https:\/\/arted.org.tr\/medikal-teknolojinin-degeri\/"},"modified":"2022-02-13T15:07:27","modified_gmt":"2022-02-13T12:07:27","slug":"value-of-medical-technology","status":"publish","type":"page","link":"https:\/\/arted.org.tr\/en\/value-of-medical-technology\/","title":{"rendered":"VALUE OF MEDICAL TECHNOLOGY"},"content":{"rendered":"<p>[vc_row equal_height=&#8221;yes&#8221;][vc_column width=&#8221;1\/2&#8243; offset=&#8221;vc_hidden-xs&#8221;][vc_single_image image=&#8221;56621&#8243; img_size=&#8221;full&#8221; alignment=&#8221;center&#8221; image_hovers=&#8221;false&#8221; css=&#8221;.vc_custom_1640449213445{margin-right: -250px !important;}&#8221;][\/vc_column][vc_column width=&#8221;1\/2&#8243; offset=&#8221;vc_hidden-xs&#8221;][\/vc_column][\/vc_row][vc_row equal_height=&#8221;yes&#8221;][vc_column width=&#8221;1\/2&#8243; el_class=&#8221;z-index&#8221; css=&#8221;.vc_custom_1576182291137{padding-top: 70px !important;padding-right: 70px !important;padding-bottom: 70px !important;padding-left: 70px !important;}&#8221; offset=&#8221;vc_hidden-xs&#8221;][\/vc_column][vc_column width=&#8221;1\/2&#8243; el_class=&#8221;z-index&#8221; css=&#8221;.vc_custom_1642192066561{margin-top: -450px !important;padding-top: 70px !important;padding-right: 150px !important;padding-bottom: 70px !important;padding-left: 70px !important;background-color: #ffffff !important;}&#8221; offset=&#8221;vc_hidden-xs&#8221;]<div id=\"ultimate-heading-85369e5f0ef93626\" class=\"uvc-heading ult-adjust-bottom-margin ultimate-heading-85369e5f0ef93626 uvc-7797 \" data-hspacer=\"no_spacer\"  data-halign=\"left\" style=\"text-align:left\"><div class=\"uvc-heading-spacer no_spacer\" style=\"top\"><\/div><div class=\"uvc-sub-heading ult-responsive\"  data-ultimate-target='.uvc-heading.ultimate-heading-85369e5f0ef93626 .uvc-sub-heading '  data-responsive-json-new='{\"font-size\":\"desktop:15px;\",\"line-height\":\"desktop:27px;\"}'  style=\"font-weight:normal;margin-bottom:20px;\">Medical technologies can save lives, improve health and contribute to sustainable healthcare. Through innovative devices and diagnostics, the industry delivers value to patients, healthcare professionals, and healthcare systems and society. Medical technology companies are also drivers of economic growth and job creation across Europe.<\/div><\/div>[\/vc_column][\/vc_row][vc_row el_id=&#8221;MOB\u0130L G\u00d6R\u00dcN\u00dcM&#8221;][vc_column][vc_row_inner][vc_column_inner offset=&#8221;vc_hidden-lg vc_hidden-md vc_hidden-sm&#8221;]<div id=\"ultimate-heading-118869e5f0ef936a2\" class=\"uvc-heading ult-adjust-bottom-margin ultimate-heading-118869e5f0ef936a2 uvc-5784 \" data-hspacer=\"no_spacer\"  data-halign=\"left\" style=\"text-align:left\"><div class=\"uvc-heading-spacer no_spacer\" style=\"top\"><\/div><div class=\"uvc-main-heading ult-responsive\"  data-ultimate-target='.uvc-heading.ultimate-heading-118869e5f0ef936a2 h2'  data-responsive-json-new='{\"font-size\":\"desktop:26px;\",\"line-height\":\"desktop:32px;\"}' ><h2 style=\"font-family:&#039;Open Sans Condensed&#039;;font-weight:700;margin-bottom:20px;\">VALUE OF MEDICAL TECHNOLOGY<\/h2><\/div><\/div>[vc_single_image image=&#8221;56621&#8243; img_size=&#8221;full&#8221; alignment=&#8221;center&#8221; image_hovers=&#8221;false&#8221; css=&#8221;.vc_custom_1640449213445{margin-right: -250px !important;}&#8221;]<div id=\"ultimate-heading-350569e5f0ef936fb\" class=\"uvc-heading ult-adjust-bottom-margin ultimate-heading-350569e5f0ef936fb uvc-8055 \" data-hspacer=\"no_spacer\"  data-halign=\"left\" style=\"text-align:left\"><div class=\"uvc-heading-spacer no_spacer\" style=\"top\"><\/div><div class=\"uvc-sub-heading ult-responsive\"  data-ultimate-target='.uvc-heading.ultimate-heading-350569e5f0ef936fb .uvc-sub-heading '  data-responsive-json-new='{\"font-size\":\"desktop:15px;\",\"line-height\":\"desktop:27px;\"}'  style=\"font-weight:normal;margin-bottom:20px;\">Medical technologies can save lives, improve health and contribute to sustainable healthcare. Through innovative devices and diagnostics, the industry delivers value to patients, healthcare professionals, and healthcare systems and society. Medical technology companies are also drivers of economic growth and job creation across Europe.<\/div><\/div>[\/vc_column_inner][\/vc_row_inner][\/vc_column][\/vc_row][vc_row equal_height=&#8221;yes&#8221;][vc_column width=&#8221;1\/2&#8243; offset=&#8221;vc_hidden-xs&#8221;][vc_single_image image=&#8221;56623&#8243; img_size=&#8221;full&#8221; alignment=&#8221;center&#8221; image_hovers=&#8221;false&#8221; css=&#8221;.vc_custom_1640449547356{padding-bottom: 50px !important;}&#8221;][\/vc_column][vc_column width=&#8221;1\/2&#8243; offset=&#8221;vc_hidden-xs&#8221;]<div id=\"ultimate-heading-889669e5f0ef93b56\" class=\"uvc-heading ult-adjust-bottom-margin ultimate-heading-889669e5f0ef93b56 uvc-8672 \" data-hspacer=\"icon_only\"  data-halign=\"left\" style=\"text-align:left\"><div class=\"uvc-heading-spacer icon_only\" style=\"margin-bottom:10px;\"><div class=\"ult-just-icon-wrapper  \"><div class=\"align-icon\" style=\"text-align:left;\">\n<div class=\"aio-icon square \"  style=\"color:#ffffff;background:#fecc0b;font-size:20px;\">\n\t<i class=\"Defaults-bed hotel\"><\/i>\n<\/div><\/div><\/div><\/div><div class=\"uvc-main-heading ult-responsive\"  data-ultimate-target='.uvc-heading.ultimate-heading-889669e5f0ef93b56 h2'  data-responsive-json-new='{\"font-size\":\"desktop:26px;\",\"line-height\":\"desktop:32px;\"}' ><h2 style=\"font-weight:700;margin-bottom:20px;\">We help PATIENTS<\/h2><\/div><div class=\"uvc-sub-heading ult-responsive\"  data-ultimate-target='.uvc-heading.ultimate-heading-889669e5f0ef93b56 .uvc-sub-heading '  data-responsive-json-new='{\"font-size\":\"desktop:17px;\",\"line-height\":\"desktop:32px;\"}'  style=\"font-weight:normal;margin-bottom:20px;\">Medical technologies enable the early and accurate diagnosis of health problems, facilitating timely intervention and improving outcomes. Innovative products can replace, repair and sustain failing body functions, while telemedicine and connected devices allow remote monitoring of patient\u2019s conditions. By accelerating recovery and keeping people healthy, modern medical technologies support people in living full and active lives.<\/div><\/div>[\/vc_column][vc_column width=&#8221;1\/2&#8243; offset=&#8221;vc_hidden-xs&#8221;]<div id=\"ultimate-heading-898469e5f0ef93c32\" class=\"uvc-heading ult-adjust-bottom-margin ultimate-heading-898469e5f0ef93c32 uvc-63 \" data-hspacer=\"icon_only\"  data-halign=\"right\" style=\"text-align:right\"><div class=\"uvc-heading-spacer icon_only\" style=\"margin-bottom:10px;\"><div class=\"ult-just-icon-wrapper  \"><div class=\"align-icon\" style=\"text-align:right;\">\n<div class=\"aio-icon square \"  style=\"color:#ffffff;background:#fecc0b;font-size:20px;display:inline-block;\">\n\t<i class=\"Defaults-user-md\"><\/i>\n<\/div><\/div><\/div><\/div><div class=\"uvc-main-heading ult-responsive\"  data-ultimate-target='.uvc-heading.ultimate-heading-898469e5f0ef93c32 h2'  data-responsive-json-new='{\"font-size\":\"desktop:26px;\",\"line-height\":\"desktop:32px;\"}' ><h2 style=\"font-weight:700;margin-bottom:20px;\">We support HEALTHCARE PROFESSIONALS<\/h2><\/div><div class=\"uvc-sub-heading ult-responsive\"  data-ultimate-target='.uvc-heading.ultimate-heading-898469e5f0ef93c32 .uvc-sub-heading '  data-responsive-json-new='{\"font-size\":\"desktop:17px;\",\"line-height\":\"desktop:32px;\"}'  style=\"font-weight:normal;margin-bottom:20px;\">Timely and accurate diagnostic information empowers healthcare professionals to make clinical decisions that optimize patient outcomes. By reducing patient recovery times and surgical complication rates, the medical technology sector helps ease the pressure on healthcare professionals by reducing demand. In addition, by freeing healthcare professionals to focus on tasks where they add most value, we support workplace satisfaction.<\/div><\/div>[\/vc_column][vc_column width=&#8221;1\/2&#8243; offset=&#8221;vc_hidden-xs&#8221;][vc_single_image image=&#8221;56625&#8243; img_size=&#8221;full&#8221; alignment=&#8221;center&#8221; image_hovers=&#8221;false&#8221; css=&#8221;.vc_custom_1640449639660{padding-bottom: 50px !important;}&#8221;][\/vc_column][vc_column width=&#8221;1\/2&#8243; offset=&#8221;vc_hidden-xs&#8221;][vc_single_image image=&#8221;56627&#8243; img_size=&#8221;full&#8221; alignment=&#8221;center&#8221; image_hovers=&#8221;false&#8221; css=&#8221;.vc_custom_1640449681850{padding-bottom: 50px !important;}&#8221;][\/vc_column][vc_column width=&#8221;1\/2&#8243; offset=&#8221;vc_hidden-xs&#8221;]<div id=\"ultimate-heading-590869e5f0ef93ced\" class=\"uvc-heading ult-adjust-bottom-margin ultimate-heading-590869e5f0ef93ced uvc-9743 \" data-hspacer=\"icon_only\"  data-halign=\"left\" style=\"text-align:left\"><div class=\"uvc-heading-spacer icon_only\" style=\"margin-bottom:10px;\"><div class=\"ult-just-icon-wrapper  \"><div class=\"align-icon\" style=\"text-align:left;\">\n<div class=\"aio-icon square \"  style=\"color:#ffffff;background:#fecc0b;font-size:20px;\">\n\t<i class=\"Defaults-heartbeat\"><\/i>\n<\/div><\/div><\/div><\/div><div class=\"uvc-main-heading ult-responsive\"  data-ultimate-target='.uvc-heading.ultimate-heading-590869e5f0ef93ced h2'  data-responsive-json-new='{\"font-size\":\"desktop:26px;\",\"line-height\":\"desktop:32px;\"}' ><h2 style=\"font-weight:700;margin-bottom:20px;\">We improve HEALTHCARE SYSTEMS AND SOCIETY<\/h2><\/div><div class=\"uvc-sub-heading ult-responsive\"  data-ultimate-target='.uvc-heading.ultimate-heading-590869e5f0ef93ced .uvc-sub-heading '  data-responsive-json-new='{\"font-size\":\"desktop:17px;\",\"line-height\":\"desktop:32px;\"}'  style=\"font-weight:normal;margin-bottom:20px;\">By helping citizens to stay socially and economically active, and by preventing serious complications of chronic disease, medical technologies can add value to healthcare systems and to society. Medical technology innovations help to deliver efficiency and enhance the sustainability of healthcare. Our industry is facilitating advances in healthcare deliver by bringing the latest benefits of big data and machine learning to clinics all sizes.<\/div><\/div>[\/vc_column][\/vc_row][vc_row equal_height=&#8221;yes&#8221; el_id=&#8221;MOB\u0130L G\u00d6R\u00dcN\u00dcM&#8221; css=&#8221;.vc_custom_1576229314955{padding-bottom: 50px !important;}&#8221;][vc_column width=&#8221;1\/2&#8243; offset=&#8221;vc_hidden-lg vc_hidden-md vc_hidden-sm&#8221;][vc_single_image image=&#8221;56623&#8243; img_size=&#8221;full&#8221; alignment=&#8221;center&#8221; image_hovers=&#8221;false&#8221; css=&#8221;.vc_custom_1640449547356{padding-bottom: 50px !important;}&#8221;][\/vc_column][vc_column width=&#8221;1\/2&#8243; offset=&#8221;vc_hidden-lg vc_hidden-md vc_hidden-sm&#8221;]<div id=\"ultimate-heading-543669e5f0ef93daf\" class=\"uvc-heading ult-adjust-bottom-margin ultimate-heading-543669e5f0ef93daf uvc-227 \" data-hspacer=\"icon_only\"  data-halign=\"left\" style=\"text-align:left\"><div class=\"uvc-heading-spacer icon_only\" style=\"margin-bottom:10px;\"><div class=\"ult-just-icon-wrapper  \"><div class=\"align-icon\" style=\"text-align:left;\">\n<div class=\"aio-icon square \"  style=\"color:#ffffff;background:#fecc0b;font-size:20px;\">\n\t<i class=\"Defaults-bed hotel\"><\/i>\n<\/div><\/div><\/div><\/div><div class=\"uvc-main-heading ult-responsive\"  data-ultimate-target='.uvc-heading.ultimate-heading-543669e5f0ef93daf h2'  data-responsive-json-new='{\"font-size\":\"desktop:26px;\",\"line-height\":\"desktop:32px;\"}' ><h2 style=\"font-weight:700;margin-bottom:20px;\">We help PATIENTS<\/h2><\/div><div class=\"uvc-sub-heading ult-responsive\"  data-ultimate-target='.uvc-heading.ultimate-heading-543669e5f0ef93daf .uvc-sub-heading '  data-responsive-json-new='{\"font-size\":\"desktop:17px;\",\"line-height\":\"desktop:32px;\"}'  style=\"font-weight:normal;margin-bottom:20px;\">Medical technologies enable the early and accurate diagnosis of health problems, facilitating timely intervention and improving outcomes. Innovative products can replace, repair and sustain failing body functions, while telemedicine and connected devices allow remote monitoring of patient\u2019s conditions. By accelerating recovery and keeping people healthy, modern medical technologies support people in living full and active lives.<\/div><\/div>[\/vc_column][vc_column width=&#8221;1\/2&#8243; offset=&#8221;vc_hidden-lg vc_hidden-md vc_hidden-sm&#8221;][vc_single_image image=&#8221;56625&#8243; img_size=&#8221;full&#8221; alignment=&#8221;center&#8221; image_hovers=&#8221;false&#8221; css=&#8221;.vc_custom_1640449639660{padding-bottom: 50px !important;}&#8221;][\/vc_column][vc_column width=&#8221;1\/2&#8243; offset=&#8221;vc_hidden-lg vc_hidden-md vc_hidden-sm&#8221;]<div id=\"ultimate-heading-643469e5f0ef93e67\" class=\"uvc-heading ult-adjust-bottom-margin ultimate-heading-643469e5f0ef93e67 uvc-1063 \" data-hspacer=\"icon_only\"  data-halign=\"right\" style=\"text-align:right\"><div class=\"uvc-heading-spacer icon_only\" style=\"margin-bottom:10px;\"><div class=\"ult-just-icon-wrapper  \"><div class=\"align-icon\" style=\"text-align:right;\">\n<div class=\"aio-icon square \"  style=\"color:#ffffff;background:#fecc0b;font-size:20px;display:inline-block;\">\n\t<i class=\"Defaults-user-md\"><\/i>\n<\/div><\/div><\/div><\/div><div class=\"uvc-main-heading ult-responsive\"  data-ultimate-target='.uvc-heading.ultimate-heading-643469e5f0ef93e67 h2'  data-responsive-json-new='{\"font-size\":\"desktop:26px;\",\"line-height\":\"desktop:32px;\"}' ><h2 style=\"font-weight:700;margin-bottom:20px;\">We support HEALTHCARE PROFESSIONALS<\/h2><\/div><div class=\"uvc-sub-heading ult-responsive\"  data-ultimate-target='.uvc-heading.ultimate-heading-643469e5f0ef93e67 .uvc-sub-heading '  data-responsive-json-new='{\"font-size\":\"desktop:17px;\",\"line-height\":\"desktop:32px;\"}'  style=\"font-weight:normal;margin-bottom:20px;\">Timely and accurate diagnostic information empowers healthcare professionals to make clinical decisions that optimize patient outcomes. By reducing patient recovery times and surgical complication rates, the medical technology sector helps ease the pressure on healthcare professionals by reducing demand. In addition, by freeing healthcare professionals to focus on tasks where they add most value, we support workplace satisfaction.<\/div><\/div>[\/vc_column][vc_column width=&#8221;1\/2&#8243; offset=&#8221;vc_hidden-lg vc_hidden-md vc_hidden-sm&#8221;][vc_single_image image=&#8221;56627&#8243; img_size=&#8221;full&#8221; alignment=&#8221;center&#8221; image_hovers=&#8221;false&#8221; css=&#8221;.vc_custom_1640449681850{padding-bottom: 50px !important;}&#8221;][\/vc_column][vc_column width=&#8221;1\/2&#8243; offset=&#8221;vc_hidden-lg vc_hidden-md vc_hidden-sm&#8221;]<div id=\"ultimate-heading-323869e5f0ef93f1c\" class=\"uvc-heading ult-adjust-bottom-margin ultimate-heading-323869e5f0ef93f1c uvc-5501 \" data-hspacer=\"icon_only\"  data-halign=\"left\" style=\"text-align:left\"><div class=\"uvc-heading-spacer icon_only\" style=\"margin-bottom:10px;\"><div class=\"ult-just-icon-wrapper  \"><div class=\"align-icon\" style=\"text-align:left;\">\n<div class=\"aio-icon square \"  style=\"color:#ffffff;background:#fecc0b;font-size:20px;\">\n\t<i class=\"Defaults-heartbeat\"><\/i>\n<\/div><\/div><\/div><\/div><div class=\"uvc-main-heading ult-responsive\"  data-ultimate-target='.uvc-heading.ultimate-heading-323869e5f0ef93f1c h2'  data-responsive-json-new='{\"font-size\":\"desktop:26px;\",\"line-height\":\"desktop:32px;\"}' ><h2 style=\"font-weight:700;margin-bottom:20px;\">We improve HEALTHCARE SYSTEMS AND SOCIETY<\/h2><\/div><div class=\"uvc-sub-heading ult-responsive\"  data-ultimate-target='.uvc-heading.ultimate-heading-323869e5f0ef93f1c .uvc-sub-heading '  data-responsive-json-new='{\"font-size\":\"desktop:17px;\",\"line-height\":\"desktop:32px;\"}'  style=\"font-weight:normal;margin-bottom:20px;\">By helping citizens to stay socially and economically active, and by preventing serious complications of chronic disease, medical technologies can add value to healthcare systems and to society. Medical technology innovations help to deliver efficiency and enhance the sustainability of healthcare. Our industry is facilitating advances in healthcare deliver by bringing the latest benefits of big data and machine learning to clinics all sizes.<\/div><\/div>[\/vc_column][\/vc_row]<\/p>\n","protected":false},"excerpt":{"rendered":"<p>[vc_row equal_height=&#8221;yes&#8221;][vc_column width=&#8221;1\/2&#8243; offset=&#8221;vc_hidden-xs&#8221;][vc_single_image image=&#8221;56621&#8243; img_size=&#8221;full&#8221; alignment=&#8221;center&#8221; image_hovers=&#8221;false&#8221; css=&#8221;.vc_custom_1640449213445{margin-right: -250px !important;}&#8221;][\/vc_column][vc_column width=&#8221;1\/2&#8243; offset=&#8221;vc_hidden-xs&#8221;][\/vc_column][\/vc_row][vc_row equal_height=&#8221;yes&#8221;][vc_column width=&#8221;1\/2&#8243; el_class=&#8221;z-index&#8221; css=&#8221;.vc_custom_1576182291137{padding-top: 70px !important;padding-right: 70px !important;padding-bottom: 70px !important;padding-left: 70px !important;}&#8221; offset=&#8221;vc_hidden-xs&#8221;][\/vc_column][vc_column width=&#8221;1\/2&#8243; el_class=&#8221;z-index&#8221; css=&#8221;.vc_custom_1642192066561{margin-top: -450px !important;padding-top: 70px !important;padding-right: 150px !important;padding-bottom: 70px !important;padding-left: 70px !important;background-color: #ffffff !important;}&#8221; offset=&#8221;vc_hidden-xs&#8221;][\/vc_column][\/vc_row][vc_row el_id=&#8221;MOB\u0130L G\u00d6R\u00dcN\u00dcM&#8221;][vc_column][vc_row_inner][vc_column_inner offset=&#8221;vc_hidden-lg vc_hidden-md vc_hidden-sm&#8221;][vc_single_image image=&#8221;56621&#8243; img_size=&#8221;full&#8221; alignment=&#8221;center&#8221; image_hovers=&#8221;false&#8221; css=&#8221;.vc_custom_1640449213445{margin-right: -250px !important;}&#8221;][\/vc_column_inner][\/vc_row_inner][\/vc_column][\/vc_row][vc_row equal_height=&#8221;yes&#8221;][vc_column&hellip;<\/p>\n","protected":false},"author":1,"featured_media":0,"parent":0,"menu_order":0,"comment_status":"closed","ping_status":"closed","template":"","meta":[],"simple-restrict-permission":[],"_links":{"self":[{"href":"https:\/\/arted.org.tr\/en\/wp-json\/wp\/v2\/pages\/57136"}],"collection":[{"href":"https:\/\/arted.org.tr\/en\/wp-json\/wp\/v2\/pages"}],"about":[{"href":"https:\/\/arted.org.tr\/en\/wp-json\/wp\/v2\/types\/page"}],"author":[{"embeddable":true,"href":"https:\/\/arted.org.tr\/en\/wp-json\/wp\/v2\/users\/1"}],"replies":[{"embeddable":true,"href":"https:\/\/arted.org.tr\/en\/wp-json\/wp\/v2\/comments?post=57136"}],"version-history":[{"count":2,"href":"https:\/\/arted.org.tr\/en\/wp-json\/wp\/v2\/pages\/57136\/revisions"}],"predecessor-version":[{"id":57138,"href":"https:\/\/arted.org.tr\/en\/wp-json\/wp\/v2\/pages\/57136\/revisions\/57138"}],"wp:attachment":[{"href":"https:\/\/arted.org.tr\/en\/wp-json\/wp\/v2\/media?parent=57136"}],"wp:term":[{"taxonomy":"simple-restrict-permission","embeddable":true,"href":"https:\/\/arted.org.tr\/en\/wp-json\/wp\/v2\/simple-restrict-permission?post=57136"}],"curies":[{"name":"wp","href":"https:\/\/api.w.org\/{rel}","templated":true}]}}